{"id":21,"date":"2019-04-04T06:07:22","date_gmt":"2019-04-04T06:07:22","guid":{"rendered":"http:\/\/mb-oc.com\/?page_id=21"},"modified":"2025-01-09T09:07:21","modified_gmt":"2025-01-09T09:07:21","slug":"referenzen","status":"publish","type":"page","link":"https:\/\/mb-oc.com\/?page_id=21","title":{"rendered":"Referenzen"},"content":{"rendered":"<section class=\"wpb-content-wrapper\"><p>[vc_row full_width=&#8220;stretch_row&#8220; equal_height=&#8220;yes&#8220; content_placement=&#8220;middle&#8220; css=&#8220;.vc_custom_1736413338960{background-color: #1e1e1e !important;}&#8220;][vc_column][vc_column_text]<\/p>\n<h1 style=\"text-align: center;\"><span style=\"font-size: 60px; color: #ebebeb;\">Bosch<\/span><\/h1>\n<h6 style=\"text-align: center;\"><span style=\"font-size: 21px; color: #ebebeb;\">Salzgitter | Bremen | Hildesheim | G\u00f6ttingen | Stuttgart<\/span><\/h6>\n<p>[\/vc_column_text][\/vc_column][\/vc_row][vc_row full_width=&#8220;stretch_row&#8220; css=&#8220;.vc_custom_1736324458798{background-color: #1e1e1e !important;}&#8220;][vc_column][vc_column_text]<\/p>\n<h6 style=\"text-align: center;\"><span style=\"font-size: 21px;\"><span style=\"color: #ebebeb;\">Bestandserfassung &#8211; Bestandspflege &#8211; Planung &#8211; Bauleitung &#8211; Umzugsmanagement &#8211; <\/span><\/span><\/h6>\n<h6 style=\"text-align: center;\"><span style=\"font-size: 21px;\"><span style=\"color: #ebebeb;\">Facility Management &#8211; Multimedia-Management &#8211; Eventmanagement &#8211; IT-Management<\/span><\/span><\/h6>\n<p>[\/vc_column_text][\/vc_column][\/vc_row][vc_row css=&#8220;.vc_custom_1736324545453{background-color: #1e1e1e !important;}&#8220;][vc_column width=&#8220;1\/6&#8243;][vc_single_image image=&#8220;161&#8243;][\/vc_column][vc_column width=&#8220;1\/6&#8243;][\/vc_column][vc_column width=&#8220;1\/6&#8243;][\/vc_column][vc_column width=&#8220;1\/6&#8243;][\/vc_column][vc_column width=&#8220;1\/6&#8243;][\/vc_column][vc_column width=&#8220;1\/6&#8243;][\/vc_column][\/vc_row][vc_row full_width=&#8220;stretch_row&#8220; content_placement=&#8220;middle&#8220; css=&#8220;.vc_custom_1736331522733{background-color: #262626 !important;}&#8220;][vc_column][vc_column_text]<\/p>\n<h1 style=\"text-align: center;\"><span style=\"color: #ebebeb; font-size: 60px;\">Volkswagen<\/span><\/h1>\n<h6 style=\"text-align: center;\"><span style=\"font-size: 21px; color: #ededed;\">Wolfsburg | Hannover<\/span><\/h6>\n<p>[\/vc_column_text][\/vc_column][\/vc_row][vc_row full_width=&#8220;stretch_row&#8220; css=&#8220;.vc_custom_1736413297381{background-color: #262626 !important;}&#8220;][vc_column][vc_column_text]<\/p>\n<h6 style=\"text-align: center;\"><span style=\"color: #ebebeb; font-size: 21px;\">Projektsteuerung &#8211; B\u00fcroplanung &#8211; Werkstattplanung &#8211; Selbstdarstellung\/Pr\u00e4sentation &#8211; B\u00fcrofl\u00e4chenoptimierung &#8211; Facility-Management<\/span><\/h6>\n<p>[\/vc_column_text][\/vc_column][\/vc_row][vc_row full_width=&#8220;stretch_row&#8220; content_placement=&#8220;middle&#8220; css=&#8220;.vc_custom_1736413350197{background-color: #1e1e1e !important;}&#8220;][vc_column][vc_column_text]<\/p>\n<h1 style=\"text-align: center;\"><span style=\"color: #ffffff; font-size: 60px;\"><span style=\"color: #ebebeb;\">SEG<\/span><br \/>\n<\/span><\/h1>\n<h6 style=\"text-align: center;\"><span style=\"font-size: 21px; color: #ebebeb;\">Hildesheim<\/span><\/h6>\n<p>[\/vc_column_text][\/vc_column][\/vc_row][vc_row full_width=&#8220;stretch_row&#8220; css=&#8220;.vc_custom_1736413359296{background-color: #1e1e1e !important;}&#8220;][vc_column][vc_column_text]<\/p>\n<h6 style=\"text-align: center;\"><span style=\"font-size: 21px; color: #ebebeb;\">Bestandspflege &#8211; Instandhaltung &#8211; B\u00fcroplanung &#8211; Entwicklung von Raumkonzepten &#8211; Umzugsplanung von Fertigungslinien<\/span><\/h6>\n<p>[\/vc_column_text][\/vc_column][\/vc_row][vc_row full_width=&#8220;stretch_row&#8220; content_placement=&#8220;middle&#8220; css=&#8220;.vc_custom_1736413311511{background-color: #262626 !important;}&#8220;][vc_column][vc_column_text]<\/p>\n<h1 style=\"text-align: center;\"><span style=\"color: #ebebeb; font-size: 60px;\">Emerson\/<\/span><span style=\"color: #ebebeb; font-size: 60px;\">Aventics<\/span><\/h1>\n<h6 style=\"text-align: center;\"><span style=\"font-size: 21px; color: #ebebeb;\">Laatzen<\/span><\/h6>\n<p>[\/vc_column_text][\/vc_column][\/vc_row][vc_row full_width=&#8220;stretch_row&#8220; css=&#8220;.vc_custom_1736413323143{background-color: #262626 !important;}&#8220;][vc_column][vc_column_text]<\/p>\n<h6 style=\"text-align: center;\"><span style=\"color: #ebebeb; font-size: 21px;\">Bestandsaufnahme &#8211; Bestandspflege &#8211; Erstellung von Flucht- und Rettungspl\u00e4nen &#8211; B\u00fcroplanung &#8211; Neugestaltung des Foyers<\/span><\/h6>\n<p>[\/vc_column_text][\/vc_column][\/vc_row][vc_row full_width=&#8220;stretch_row&#8220; content_placement=&#8220;middle&#8220; css=&#8220;.vc_custom_1736413372288{background-color: #1e1e1e !important;}&#8220;][vc_column][vc_column_text]<\/p>\n<h1 style=\"text-align: center;\"><span style=\"color: #ebebe1; font-size: 60px;\">Siemens<\/span><\/h1>\n<p>[\/vc_column_text][\/vc_column][\/vc_row][vc_row full_width=&#8220;stretch_row&#8220; css=&#8220;.vc_custom_1736413384403{background-color: #1e1e1e !important;}&#8220;][vc_column][vc_column_text]<\/p>\n<h6 style=\"text-align: center;\"><span style=\"font-size: 21px; color: #ebebeb;\">Projektsteuerung &#8211; B\u00fcroplanung &#8211; Umzugsmanagement &#8211; <\/span><span style=\"color: #333333;\"><span style=\"font-size: 21px; color: #ebebeb;\">Architektur\/Innenarchitektur Leistungen<\/span><br \/>\n<\/span><\/h6>\n<p>[\/vc_column_text][\/vc_column][\/vc_row][vc_section][\/vc_section]<\/p>\n<\/section>","protected":false},"excerpt":{"rendered":"<p>[vc_row full_width=&#8220;stretch_row&#8220; equal_height=&#8220;yes&#8220; content_placement=&#8220;middle&#8220; css=&#8220;.vc_custom_1736413338960{background-color: #1e1e1e !important;}&#8220;][vc_column][vc_column_text] Bosch Salzgitter | Bremen | Hildesheim | G\u00f6ttingen | Stuttgart [\/vc_column_text][\/vc_column][\/vc_row][vc_row full_width=&#8220;stretch_row&#8220; css=&#8220;.vc_custom_1736324458798{background-color: #1e1e1e !important;}&#8220;][vc_column][vc_column_text] Bestandserfassung &#8211; Bestandspflege &#8211; Planung &#8211; Bauleitung &#8211; Umzugsmanagement &#8211; Facility Management &#8211; Multimedia-Management &#8211; Eventmanagement &#8211; IT-Management [\/vc_column_text][\/vc_column][\/vc_row][vc_row css=&#8220;.vc_custom_1736324545453{background-color: #1e1e1e !important;}&#8220;][vc_column width=&#8220;1\/6&#8243;][vc_single_image image=&#8220;161&#8243;][\/vc_column][vc_column width=&#8220;1\/6&#8243;][\/vc_column][vc_column width=&#8220;1\/6&#8243;][\/vc_column][vc_column width=&#8220;1\/6&#8243;][\/vc_column][vc_column width=&#8220;1\/6&#8243;][\/vc_column][vc_column width=&#8220;1\/6&#8243;][\/vc_column][\/vc_row][vc_row full_width=&#8220;stretch_row&#8220; content_placement=&#8220;middle&#8220; css=&#8220;.vc_custom_1736331522733{background-color: #262626 &hellip; <a href=\"https:\/\/mb-oc.com\/?page_id=21\" title=\"Referenzen\" class=\"read-more\">Read More<\/a><\/p>\n","protected":false},"author":1,"featured_media":0,"parent":0,"menu_order":0,"comment_status":"closed","ping_status":"closed","template":"","meta":{"footnotes":""},"class_list":["post-21","page","type-page","status-publish","hentry"],"_links":{"self":[{"href":"https:\/\/mb-oc.com\/index.php?rest_route=\/wp\/v2\/pages\/21","targetHints":{"allow":["GET"]}}],"collection":[{"href":"https:\/\/mb-oc.com\/index.php?rest_route=\/wp\/v2\/pages"}],"about":[{"href":"https:\/\/mb-oc.com\/index.php?rest_route=\/wp\/v2\/types\/page"}],"author":[{"embeddable":true,"href":"https:\/\/mb-oc.com\/index.php?rest_route=\/wp\/v2\/users\/1"}],"replies":[{"embeddable":true,"href":"https:\/\/mb-oc.com\/index.php?rest_route=%2Fwp%2Fv2%2Fcomments&post=21"}],"version-history":[{"count":97,"href":"https:\/\/mb-oc.com\/index.php?rest_route=\/wp\/v2\/pages\/21\/revisions"}],"predecessor-version":[{"id":452,"href":"https:\/\/mb-oc.com\/index.php?rest_route=\/wp\/v2\/pages\/21\/revisions\/452"}],"wp:attachment":[{"href":"https:\/\/mb-oc.com\/index.php?rest_route=%2Fwp%2Fv2%2Fmedia&parent=21"}],"curies":[{"name":"wp","href":"https:\/\/api.w.org\/{rel}","templated":true}]}}